{"id":73,"date":"2016-06-14T06:15:58","date_gmt":"2016-06-14T03:15:58","guid":{"rendered":"http:\/\/sw-themes.com\/porto_dummy\/?page_id=73"},"modified":"2021-05-03T12:56:33","modified_gmt":"2021-05-03T09:56:33","slug":"iletisim","status":"publish","type":"page","link":"https:\/\/hizmeticiegitimbirimi.atauni.edu.tr\/index.php\/iletisim\/","title":{"rendered":"\u0130leti\u015fim"},"content":{"rendered":"<p>[vc_row wrap_container=&#8221;yes&#8221; el_class=&#8221;m-b-xl&#8221;][vc_column el_class=&#8221;info-box-small&#8221;][vc_custom_heading text=&#8221;\u0130leti\u015fim<strong>Bilgileri<\/strong>&#8221; font_container=&#8221;tag:h4|text_align:left&#8221; use_theme_fonts=&#8221;yes&#8221; skin=&#8221;dark&#8221;]<div class=\"porto-sicon-box style_1 default-icon\"><div class=\"porto-sicon-header\" ><p><strong>Adres:<\/strong>Ataturk \u00dcniversitesi Sa\u011fl\u0131k Ara\u015ft\u0131rma ve Uygulama Merkezi M\u00fcd\u00fcrl\u00fc\u011f\u00fc \u00dcniversite Kamp\u00fcs\u00fc Hizmet \u0130\u00e7i E\u011fitim BirimiYakutiye ERZURUM 25040<\/p><\/div> <!-- header --><\/div> <!-- porto-sicon-box --><div class=\"porto-sicon-box style_1 default-icon\"><div class=\"porto-sicon-header\" ><p><strong>Telefon<\/strong>: +90 442 344 6666<\/p><\/div> <!-- header --><\/div> <!-- porto-sicon-box --><div class=\"porto-sicon-box style_1 default-icon\"><div class=\"porto-sicon-header\" ><p><strong>E-posta<\/strong>:hizmeticiegitimbirimi@atauni.edu.tr<\/p><\/div> <!-- header --><\/div> <!-- porto-sicon-box -->[\/vc_column][\/vc_row]<\/p>\n","protected":false},"excerpt":{"rendered":"<p>[vc_row wrap_container=&#8221;yes&#8221; el_class=&#8221;m-b-xl&#8221;][vc_column el_class=&#8221;info-box-small&#8221;][vc_custom_heading text=&#8221;\u0130leti\u015fimBilgileri&#8221; font_container=&#8221;tag:h4|text_align:left&#8221; use_theme_fonts=&#8221;yes&#8221; skin=&#8221;dark&#8221;][\/vc_column][\/vc_row]<\/p>\n","protected":false},"author":1,"featured_media":0,"parent":0,"menu_order":0,"comment_status":"closed","ping_status":"closed","template":"","meta":{"footnotes":""},"class_list":["post-73","page","type-page","status-publish","hentry"],"_links":{"self":[{"href":"https:\/\/hizmeticiegitimbirimi.atauni.edu.tr\/index.php\/wp-json\/wp\/v2\/pages\/73","targetHints":{"allow":["GET"]}}],"collection":[{"href":"https:\/\/hizmeticiegitimbirimi.atauni.edu.tr\/index.php\/wp-json\/wp\/v2\/pages"}],"about":[{"href":"https:\/\/hizmeticiegitimbirimi.atauni.edu.tr\/index.php\/wp-json\/wp\/v2\/types\/page"}],"author":[{"embeddable":true,"href":"https:\/\/hizmeticiegitimbirimi.atauni.edu.tr\/index.php\/wp-json\/wp\/v2\/users\/1"}],"replies":[{"embeddable":true,"href":"https:\/\/hizmeticiegitimbirimi.atauni.edu.tr\/index.php\/wp-json\/wp\/v2\/comments?post=73"}],"version-history":[{"count":9,"href":"https:\/\/hizmeticiegitimbirimi.atauni.edu.tr\/index.php\/wp-json\/wp\/v2\/pages\/73\/revisions"}],"predecessor-version":[{"id":2512,"href":"https:\/\/hizmeticiegitimbirimi.atauni.edu.tr\/index.php\/wp-json\/wp\/v2\/pages\/73\/revisions\/2512"}],"wp:attachment":[{"href":"https:\/\/hizmeticiegitimbirimi.atauni.edu.tr\/index.php\/wp-json\/wp\/v2\/media?parent=73"}],"curies":[{"name":"wp","href":"https:\/\/api.w.org\/{rel}","templated":true}]}}