{"id":2213,"date":"2021-01-18T14:18:41","date_gmt":"2021-01-18T11:18:41","guid":{"rendered":"http:\/\/hizmeticiegitimbirimi.atauni.edu.tr\/?page_id=2213"},"modified":"2021-06-01T09:27:18","modified_gmt":"2021-06-01T06:27:18","slug":"kayit","status":"publish","type":"page","link":"https:\/\/hizmeticiegitimbirimi.atauni.edu.tr\/index.php\/kayit\/","title":{"rendered":"Kay\u0131t"},"content":{"rendered":"<p>[vc_row][vc_column width=&#8221;1\/2&#8243;][vc_column_text]<\/p>\n<h3 style=\"text-align: center;\"><strong>Atat\u00fcrk \u00dcniversitesi Sa\u011fl\u0131k Ara\u015ft\u0131rma ve Uygulama Merkezi ve Onkoloji Hem\u015fireli\u011fi Derne\u011fi i\u015fbirli\u011fiyle 19-20.06.2021 tarihinde ger\u00e7ekle\u015ftirece\u011fimiz<\/strong><\/h3>\n<h3 style=\"text-align: center;\"><strong>\u2018PED\u0130ATR\u0130K ONKOLOJ\u0130 HEM\u015e\u0130REL\u0130\u011e\u0130 KURSU\u2019 program\u0131na davetlisiniz.<\/strong><\/h3>\n<p>[\/vc_column_text][vc_column_text]<\/p>\n<p style=\"text-align: center;\">Pediatrik Onkoloji Klini\u011finde \u00e7al\u0131\u015fan meslekta\u015flar\u0131m\u0131z kat\u0131labilir.<\/p>\n<p style=\"text-align: center;\">Program online ger\u00e7ekle\u015ftirilecektir.<\/p>\n<p style=\"text-align: center;\">Program sonras\u0131 Kat\u0131l\u0131m Belgesi verilecektir.<\/p>\n<p style=\"text-align: center;\">Kurs tamamen \u00fccretsizdir.<\/p>\n<p>[\/vc_column_text][vc_empty_space height=&#8221;20px&#8221;][\/vc_column][vc_column width=&#8221;1\/2&#8243;][vc_column_text]<\/p>\n<h3 style=\"text-align: center;\">Kontenjan\u0131m\u0131z dolmu\u015ftur ilginiz i\u00e7in te\u015fekk\u00fcr ederiz.<\/h3>\n<p>[\/vc_column_text][\/vc_column][\/vc_row][vc_row][vc_column][\/vc_column][\/vc_row][vc_row][vc_column width=&#8221;1\/6&#8243;][\/vc_column][vc_column width=&#8221;2\/3&#8243;][\/vc_column][vc_column width=&#8221;1\/6&#8243;][\/vc_column][\/vc_row]<\/p>\n","protected":false},"excerpt":{"rendered":"<p>[vc_row][vc_column width=&#8221;1\/2&#8243;][vc_column_text] Atat\u00fcrk \u00dcniversitesi Sa\u011fl\u0131k Ara\u015ft\u0131rma ve Uygulama Merkezi ve Onkoloji Hem\u015fireli\u011fi Derne\u011fi i\u015fbirli\u011fiyle 19-20.06.2021 tarihinde ger\u00e7ekle\u015ftirece\u011fimiz \u2018PED\u0130ATR\u0130K ONKOLOJ\u0130 HEM\u015e\u0130REL\u0130\u011e\u0130 KURSU\u2019 program\u0131na davetlisiniz. [\/vc_column_text][vc_column_text] Pediatrik Onkoloji Klini\u011finde \u00e7al\u0131\u015fan meslekta\u015flar\u0131m\u0131z kat\u0131labilir. Program online ger\u00e7ekle\u015ftirilecektir. Program sonras\u0131 Kat\u0131l\u0131m Belgesi verilecektir. Kurs tamamen \u00fccretsizdir. [\/vc_column_text][vc_empty_space height=&#8221;20px&#8221;][\/vc_column][vc_column width=&#8221;1\/2&#8243;][vc_column_text] Kontenjan\u0131m\u0131z dolmu\u015ftur ilginiz i\u00e7in te\u015fekk\u00fcr ederiz. [\/vc_column_text][\/vc_column][\/vc_row][vc_row][vc_column][\/vc_column][\/vc_row][vc_row][vc_column width=&#8221;1\/6&#8243;][\/vc_column][vc_column width=&#8221;2\/3&#8243;][\/vc_column][vc_column width=&#8221;1\/6&#8243;][\/vc_column][\/vc_row]<\/p>\n","protected":false},"author":1,"featured_media":0,"parent":0,"menu_order":0,"comment_status":"closed","ping_status":"closed","template":"","meta":{"footnotes":""},"class_list":["post-2213","page","type-page","status-publish","hentry"],"_links":{"self":[{"href":"https:\/\/hizmeticiegitimbirimi.atauni.edu.tr\/index.php\/wp-json\/wp\/v2\/pages\/2213","targetHints":{"allow":["GET"]}}],"collection":[{"href":"https:\/\/hizmeticiegitimbirimi.atauni.edu.tr\/index.php\/wp-json\/wp\/v2\/pages"}],"about":[{"href":"https:\/\/hizmeticiegitimbirimi.atauni.edu.tr\/index.php\/wp-json\/wp\/v2\/types\/page"}],"author":[{"embeddable":true,"href":"https:\/\/hizmeticiegitimbirimi.atauni.edu.tr\/index.php\/wp-json\/wp\/v2\/users\/1"}],"replies":[{"embeddable":true,"href":"https:\/\/hizmeticiegitimbirimi.atauni.edu.tr\/index.php\/wp-json\/wp\/v2\/comments?post=2213"}],"version-history":[{"count":21,"href":"https:\/\/hizmeticiegitimbirimi.atauni.edu.tr\/index.php\/wp-json\/wp\/v2\/pages\/2213\/revisions"}],"predecessor-version":[{"id":2599,"href":"https:\/\/hizmeticiegitimbirimi.atauni.edu.tr\/index.php\/wp-json\/wp\/v2\/pages\/2213\/revisions\/2599"}],"wp:attachment":[{"href":"https:\/\/hizmeticiegitimbirimi.atauni.edu.tr\/index.php\/wp-json\/wp\/v2\/media?parent=2213"}],"curies":[{"name":"wp","href":"https:\/\/api.w.org\/{rel}","templated":true}]}}